{"id":1087,"date":"2022-12-07T14:17:36","date_gmt":"2022-12-07T12:17:36","guid":{"rendered":"https:\/\/www.1aruandlus.ee\/?page_id=1087"},"modified":"2022-12-07T14:41:39","modified_gmt":"2022-12-07T12:41:39","slug":"pakendiaruandlus-leedus","status":"publish","type":"page","link":"https:\/\/www.1aruandlus.ee\/en\/pakendiaruandlus-leedus\/","title":{"rendered":"Pakendiaruandlus Leedus"},"content":{"rendered":"<p>Leedus tekib pakendiaruande esitamise kohtustus ettev\u00f5ttel, kes oma tegevuse k\u00e4igus paiskab Leedu turule kalendriaasta jooksul \u00fcle 500 kg pakendeid.<\/p>\n\n\n\n<p>Leedu pakendiarvestuse s\u00fcsteem on v\u00f5rreldes teiste Balti riikidega oluliselt keerulisem. Seal ei deklareerita kogu pakendimassi taaskasutusorganisatsioonidele (TKO). M\u00fc\u00fcgipakend deklareeritakse TKO-le, aga r\u00fchma- ja veopakendi osas tuleks s\u00f5lmida eraldi leping m\u00f5ne j\u00e4\u00e4tmek\u00e4itlusfirmaga ja nende kogutud pakendimassi alusel r\u00fchma- ja veopakendit arvestada.<\/p>\n\n\n\n<p>Lisaks eelpooltoodule on keerukam ka andmete esitamine, kuna lisaks TVO-le tuleb andmeid dubleerivalt esitada ka Leedu riiklikusse registrisse GPAIS. Sinna registreerimine ja andmete esitamine on keeruline, kuna s\u00fcsteem on Leedu keelne ja registreerumine keeruline.<\/p>\n\n\n\n<p>Leedu taaskasutusorganisatsioonid on <a href=\"https:\/\/www.zaliasistaskas.lt\/\">\u017daliasis ta\u0161kas<\/a> ja PTO.<\/p>\n\n\n\n<p><strong>We perform the following works:<\/strong><\/p>\n\n\n\n<ul class=\"wp-block-list\">\n<li>Packaging accounting consultation<\/li>\n\n\n\n<li>Creating packaging accounting<\/li>\n\n\n\n<li>Weighing the goods according to the customer's needs<\/li>\n\n\n\n<li>Submission of packaging reports<\/li>\n<\/ul>\n\n\n\n<h3 class=\"contact-form-header\">V\u00f5tke meiega \u00fchendust!<\/h3>\n\n\n<div class=\"wpforms-container wpforms-container-full wpforms-block contact-form\" id=\"wpforms-829\"><form id=\"wpforms-form-829\" class=\"wpforms-validate wpforms-form\" data-formid=\"829\" method=\"post\" enctype=\"multipart\/form-data\" action=\"\/en\/wp-json\/wp\/v2\/pages\/1087\" data-token=\"a80bdb5e961f670e87b5939c5cad6c29\" data-token-time=\"1776706993\" data-trp-original-action=\"\/en\/wp-json\/wp\/v2\/pages\/1087\"><noscript class=\"wpforms-error-noscript\">Please enable JavaScript in your browser to complete this form.<\/noscript><div class=\"wpforms-field-container\"><div id=\"wpforms-829-field_0-container\" class=\"wpforms-field wpforms-field-name wpforms-one-half wpforms-first\" data-field-id=\"0\"><label class=\"wpforms-field-label wpforms-label-hide\" for=\"wpforms-829-field_0\">Name <span class=\"wpforms-required-label\">*<\/span><\/label><input type=\"text\" id=\"wpforms-829-field_0\" class=\"wpforms-field-large wpforms-field-required\" name=\"wpforms[fields][0]\" placeholder=\"Name\" required><\/div><div id=\"wpforms-829-field_3-container\" class=\"wpforms-field wpforms-field-email wpforms-one-half\" data-field-id=\"3\"><label class=\"wpforms-field-label wpforms-label-hide\" for=\"wpforms-829-field_3\">Email <span class=\"wpforms-required-label\">*<\/span><\/label><input type=\"email\" id=\"wpforms-829-field_3\" class=\"wpforms-field-large wpforms-field-required\" name=\"wpforms[fields][3]\" placeholder=\"E-mail\" spellcheck=\"false\" required><\/div><div id=\"wpforms-829-field_2-container\" class=\"wpforms-field wpforms-field-textarea\" data-field-id=\"2\"><label class=\"wpforms-field-label wpforms-label-hide\" for=\"wpforms-829-field_2\">Message <span class=\"wpforms-required-label\">*<\/span><\/label><textarea id=\"wpforms-829-field_2\" class=\"wpforms-field-medium wpforms-field-required\" name=\"wpforms[fields][2]\" placeholder=\"Content\" required><\/textarea><\/div><\/div><!-- .wpforms-field-container --><div class=\"wpforms-submit-container\" ><input type=\"hidden\" name=\"wpforms[id]\" value=\"829\"><input type=\"hidden\" name=\"page_title\" value=\"\"><input type=\"hidden\" name=\"page_url\" value=\"https:\/\/www.1aruandlus.ee\/en\/wp-json\/wp\/v2\/pages\/1087\"><button type=\"submit\" name=\"wpforms[submit]\" id=\"wpforms-submit-829\" class=\"wpforms-submit contact-form-button\" data-alt-text=\"Saadetakse...\" data-submit-text=\"Saada\" aria-live=\"assertive\" value=\"wpforms-submit\">Send<\/button><\/div><input type=\"hidden\" name=\"trp-form-language\" value=\"en\"\/><\/form><\/div>  <!-- .wpforms-container -->","protected":false},"excerpt":{"rendered":"<p>Leedus tekib pakendiaruande esitamise kohtustus ettev\u00f5ttel, kes oma tegevuse k\u00e4igus paiskab Leedu turule kalendriaasta jooksul \u00fcle 500 kg pakendeid. Leedu pakendiarvestuse s\u00fcsteem on v\u00f5rreldes teiste Balti riikidega oluliselt keerulisem. Seal ei deklareerita kogu pakendimassi taaskasutusorganisatsioonidele (TKO). M\u00fc\u00fcgipakend deklareeritakse TKO-le, aga r\u00fchma- ja veopakendi osas tuleks s\u00f5lmida eraldi leping m\u00f5ne j\u00e4\u00e4tmek\u00e4itlusfirmaga [&hellip;]<\/p>","protected":false},"author":1,"featured_media":0,"parent":0,"menu_order":0,"comment_status":"closed","ping_status":"closed","template":"","meta":{"_themeisle_gutenberg_block_has_review":false,"footnotes":""},"class_list":["post-1087","page","type-page","status-publish","hentry"],"_links":{"self":[{"href":"https:\/\/www.1aruandlus.ee\/en\/wp-json\/wp\/v2\/pages\/1087","targetHints":{"allow":["GET"]}}],"collection":[{"href":"https:\/\/www.1aruandlus.ee\/en\/wp-json\/wp\/v2\/pages"}],"about":[{"href":"https:\/\/www.1aruandlus.ee\/en\/wp-json\/wp\/v2\/types\/page"}],"author":[{"embeddable":true,"href":"https:\/\/www.1aruandlus.ee\/en\/wp-json\/wp\/v2\/users\/1"}],"replies":[{"embeddable":true,"href":"https:\/\/www.1aruandlus.ee\/en\/wp-json\/wp\/v2\/comments?post=1087"}],"version-history":[{"count":8,"href":"https:\/\/www.1aruandlus.ee\/en\/wp-json\/wp\/v2\/pages\/1087\/revisions"}],"predecessor-version":[{"id":1101,"href":"https:\/\/www.1aruandlus.ee\/en\/wp-json\/wp\/v2\/pages\/1087\/revisions\/1101"}],"wp:attachment":[{"href":"https:\/\/www.1aruandlus.ee\/en\/wp-json\/wp\/v2\/media?parent=1087"}],"curies":[{"name":"wp","href":"https:\/\/api.w.org\/{rel}","templated":true}]}}