{"id":1102,"date":"2022-12-08T11:13:29","date_gmt":"2022-12-08T09:13:29","guid":{"rendered":"https:\/\/www.1aruandlus.ee\/?page_id=1102"},"modified":"2022-12-08T11:53:43","modified_gmt":"2022-12-08T09:53:43","slug":"pakendiaruandlus-rootsis","status":"publish","type":"page","link":"https:\/\/www.1aruandlus.ee\/en\/pakendiaruandlus-rootsis\/","title":{"rendered":"Pakendiaruandlus Rootsis"},"content":{"rendered":"<p>Rootsis on pakendiaruande esitamise kohtustus k\u00f5igil ettev\u00f5ttel, kes:<\/p>\n\n\n\n<ul class=\"wp-block-list\">\n<li>Pakendavad v\u00f5i muul viisil kasutavad pakendeid (eseme kaitsmiseks, esitlemiseks v\u00f5i k\u00e4sitsemiseks ja transportimise h\u00f5lbustamiseks)<\/li>\n\n\n\n<li>Toob pakendatud kaupu Rootsi<\/li>\n\n\n\n<li>Osutab pakendamise teenust Rootsis<\/li>\n\n\n\n<li>M\u00fc\u00fcb pakendatud toote v\u00f5i pakendi Rootsis asuvale l\u00f5ppkasutajale teisest riigist peale Rootsi (see m\u00e4\u00e4ratlus j\u00f5ustub 1. jaanuaril 2023)<\/li>\n<\/ul>\n\n\n\n<p>Rootsi tegutsevad taaskasutusorganisatsioonid: <a href=\"https:\/\/fti.se\/en\/company\">F\u00f6rpackningsinsamlingen (FTI)<\/a><\/p>\n\n\n\n<p><strong>We perform the following works:<\/strong><\/p>\n\n\n\n<ul class=\"wp-block-list\">\n<li>Packaging accounting consultation<\/li>\n\n\n\n<li>Creating packaging accounting<\/li>\n\n\n\n<li>Weighing the goods according to the customer's needs<\/li>\n\n\n\n<li>Submission of packaging reports<\/li>\n<\/ul>\n\n\n\n<h3 class=\"contact-form-header\">V\u00f5tke meiega \u00fchendust!<\/h3>\n\n\n<div class=\"wpforms-container wpforms-container-full wpforms-block contact-form\" id=\"wpforms-829\"><form id=\"wpforms-form-829\" class=\"wpforms-validate wpforms-form\" data-formid=\"829\" method=\"post\" enctype=\"multipart\/form-data\" action=\"\/en\/wp-json\/wp\/v2\/pages\/1102\" data-token=\"b1a0658ae64104f2af8222f7645a04f7\" data-token-time=\"1778190786\" data-trp-original-action=\"\/en\/wp-json\/wp\/v2\/pages\/1102\"><noscript class=\"wpforms-error-noscript\">Please enable JavaScript in your browser to complete this form.<\/noscript><div class=\"wpforms-field-container\"><div id=\"wpforms-829-field_0-container\" class=\"wpforms-field wpforms-field-name wpforms-one-half wpforms-first\" data-field-id=\"0\"><label class=\"wpforms-field-label wpforms-label-hide\" for=\"wpforms-829-field_0\">Name <span class=\"wpforms-required-label\">*<\/span><\/label><input type=\"text\" id=\"wpforms-829-field_0\" class=\"wpforms-field-large wpforms-field-required\" name=\"wpforms[fields][0]\" placeholder=\"Name\" required><\/div><div id=\"wpforms-829-field_3-container\" class=\"wpforms-field wpforms-field-email wpforms-one-half\" data-field-id=\"3\"><label class=\"wpforms-field-label wpforms-label-hide\" for=\"wpforms-829-field_3\">Email <span class=\"wpforms-required-label\">*<\/span><\/label><input type=\"email\" id=\"wpforms-829-field_3\" class=\"wpforms-field-large wpforms-field-required\" name=\"wpforms[fields][3]\" placeholder=\"E-mail\" spellcheck=\"false\" required><\/div><div id=\"wpforms-829-field_2-container\" class=\"wpforms-field wpforms-field-textarea\" data-field-id=\"2\"><label class=\"wpforms-field-label wpforms-label-hide\" for=\"wpforms-829-field_2\">Message <span class=\"wpforms-required-label\">*<\/span><\/label><textarea id=\"wpforms-829-field_2\" class=\"wpforms-field-medium wpforms-field-required\" name=\"wpforms[fields][2]\" placeholder=\"Content\" required><\/textarea><\/div><\/div><!-- .wpforms-field-container --><div class=\"wpforms-submit-container\" ><input type=\"hidden\" name=\"wpforms[id]\" value=\"829\"><input type=\"hidden\" name=\"page_title\" value=\"\"><input type=\"hidden\" name=\"page_url\" value=\"https:\/\/www.1aruandlus.ee\/en\/wp-json\/wp\/v2\/pages\/1102\"><button type=\"submit\" name=\"wpforms[submit]\" id=\"wpforms-submit-829\" class=\"wpforms-submit contact-form-button\" data-alt-text=\"Saadetakse...\" data-submit-text=\"Saada\" aria-live=\"assertive\" value=\"wpforms-submit\">Send<\/button><\/div><input type=\"hidden\" name=\"trp-form-language\" value=\"en\"\/><\/form><\/div>  <!-- .wpforms-container -->","protected":false},"excerpt":{"rendered":"<p>Rootsis on pakendiaruande esitamise kohtustus k\u00f5igil ettev\u00f5ttel, kes: Rootsi tegutsevad taaskasutusorganisatsioonid: F\u00f6rpackningsinsamlingen (FTI) Teostame j\u00e4rgnevaid t\u00f6id:<\/p>","protected":false},"author":1,"featured_media":0,"parent":0,"menu_order":0,"comment_status":"closed","ping_status":"closed","template":"","meta":{"_themeisle_gutenberg_block_has_review":false,"footnotes":""},"class_list":["post-1102","page","type-page","status-publish","hentry"],"_links":{"self":[{"href":"https:\/\/www.1aruandlus.ee\/en\/wp-json\/wp\/v2\/pages\/1102","targetHints":{"allow":["GET"]}}],"collection":[{"href":"https:\/\/www.1aruandlus.ee\/en\/wp-json\/wp\/v2\/pages"}],"about":[{"href":"https:\/\/www.1aruandlus.ee\/en\/wp-json\/wp\/v2\/types\/page"}],"author":[{"embeddable":true,"href":"https:\/\/www.1aruandlus.ee\/en\/wp-json\/wp\/v2\/users\/1"}],"replies":[{"embeddable":true,"href":"https:\/\/www.1aruandlus.ee\/en\/wp-json\/wp\/v2\/comments?post=1102"}],"version-history":[{"count":3,"href":"https:\/\/www.1aruandlus.ee\/en\/wp-json\/wp\/v2\/pages\/1102\/revisions"}],"predecessor-version":[{"id":1109,"href":"https:\/\/www.1aruandlus.ee\/en\/wp-json\/wp\/v2\/pages\/1102\/revisions\/1109"}],"wp:attachment":[{"href":"https:\/\/www.1aruandlus.ee\/en\/wp-json\/wp\/v2\/media?parent=1102"}],"curies":[{"name":"wp","href":"https:\/\/api.w.org\/{rel}","templated":true}]}}