{"id":1289,"date":"2024-08-16T11:09:30","date_gmt":"2024-08-16T09:09:30","guid":{"rendered":"https:\/\/www.1aruandlus.ee\/?page_id=1289"},"modified":"2024-09-16T13:49:06","modified_gmt":"2024-09-16T11:49:06","slug":"esg-jatkusuutlikus-1aruandlus","status":"publish","type":"page","link":"https:\/\/www.1aruandlus.ee\/en\/esg-jatkusuutlikus-1aruandlus\/","title":{"rendered":"ESG"},"content":{"rendered":"<p>ESG on ettev\u00f5tte keskkonna-, sotsiaalsete ja juhtimisstandardite kogum, mis aitab luua pikaajalist v\u00e4\u00e4rtust. See esindab vastutust, riske ja v\u00f5imalusi, kuid mitte ainult. See on ka m\u00f5tteviis ja kasvuv\u00f5imalus.<\/p>\n\n\n\n<p>Kliendid, investorid ja riiklikud institutsioonid on t\u00e4nap\u00e4eval huvitatud enamast kui lihtsalt tavalisest finantsteabest \u2013 nad eeldavad, et ettev\u00f5tted v\u00f5tavad vastutuse ja rakendavad j\u00e4tkusuutlikke \u00e4rijuhtimistavasid. Seet\u00f5ttu on ettev\u00f5tete aastaaruannetesse traditsiooniliste finantstulemuste k\u00f5rvale ilmumas m\u00f5\u00f5dikud, mis toovad v\u00e4lja ettev\u00f5tte kliimam\u00f5ju, toodete keskkonnam\u00f5ju \u00fcle kogu nende elukaare, j\u00e4\u00e4tmete sorteerimise ja taaskasutusse suunamise m\u00e4\u00e4ra, diskrimineerimisjuhtumeid v\u00f5i palgal\u00f5het ilmestavad n\u00e4itajad jms.<\/p>\n\n\n\n<p><strong>Teid v\u00f5ivad huvitada j\u00e4rgmised postitused:<\/strong><\/p>\n\n\n\n<ol class=\"wp-block-list\">\n<li><a href=\"https:\/\/www.1aruandlus.ee\/en\/esg\/mis-on-esg-raport-ehk-kestlikkusaruandlus\/\">Mis on kestlikkusaruandlus?<\/a><\/li>\n\n\n\n<li><a href=\"https:\/\/www.1aruandlus.ee\/en\/esg\/millal-kellele-ja-millised-standardid-ja-kohustused-kohalduvad\/\">Millal, kellele ja millised\u00a0standardid ja kohustused kohalduvad?<\/a><\/li>\n<\/ol>\n\n\n\n<p><\/p>\n\n\n\n<p>Teadmine, kust alustada, v\u00f5ib olla \u00fclej\u00f5uk\u00e4iv. Iga teekond algab esimesest sammust. Aitame liikuda teooriast praktiliste tegevusteni, mis annavad p\u00fcsivaid tulemusi. Alusta oma ESG teekonda meiega juba t\u00e4na!<\/p>\n\n\n\n<h3 class=\"contact-form-header\">V\u00f5tke meiega \u00fchendust!<\/h3>\n\n\n<div class=\"wpforms-container wpforms-container-full wpforms-block wpforms-block-b2c3c430-8c39-47c5-b078-ed19bb467182 contact-form\" id=\"wpforms-829\"><form id=\"wpforms-form-829\" class=\"wpforms-validate wpforms-form\" data-formid=\"829\" method=\"post\" enctype=\"multipart\/form-data\" action=\"\/en\/wp-json\/wp\/v2\/pages\/1289\" data-token=\"20508cd666eeca2fedd48f774bd822dc\" data-token-time=\"1777739142\" data-trp-original-action=\"\/en\/wp-json\/wp\/v2\/pages\/1289\"><noscript class=\"wpforms-error-noscript\">Please enable JavaScript in your browser to complete this form.<\/noscript><div class=\"wpforms-field-container\"><div id=\"wpforms-829-field_0-container\" class=\"wpforms-field wpforms-field-name wpforms-one-half wpforms-first\" data-field-id=\"0\"><label class=\"wpforms-field-label wpforms-label-hide\" for=\"wpforms-829-field_0\">Name <span class=\"wpforms-required-label\">*<\/span><\/label><input type=\"text\" id=\"wpforms-829-field_0\" class=\"wpforms-field-large wpforms-field-required\" name=\"wpforms[fields][0]\" placeholder=\"Name\" required><\/div><div id=\"wpforms-829-field_3-container\" class=\"wpforms-field wpforms-field-email wpforms-one-half\" data-field-id=\"3\"><label class=\"wpforms-field-label wpforms-label-hide\" for=\"wpforms-829-field_3\">Email <span class=\"wpforms-required-label\">*<\/span><\/label><input type=\"email\" id=\"wpforms-829-field_3\" class=\"wpforms-field-large wpforms-field-required\" name=\"wpforms[fields][3]\" placeholder=\"E-mail\" spellcheck=\"false\" required><\/div><div id=\"wpforms-829-field_2-container\" class=\"wpforms-field wpforms-field-textarea\" data-field-id=\"2\"><label class=\"wpforms-field-label wpforms-label-hide\" for=\"wpforms-829-field_2\">Message <span class=\"wpforms-required-label\">*<\/span><\/label><textarea id=\"wpforms-829-field_2\" class=\"wpforms-field-medium wpforms-field-required\" name=\"wpforms[fields][2]\" placeholder=\"Content\" required><\/textarea><\/div><\/div><!-- .wpforms-field-container --><div class=\"wpforms-submit-container\" ><input type=\"hidden\" name=\"wpforms[id]\" value=\"829\"><input type=\"hidden\" name=\"page_title\" value=\"\"><input type=\"hidden\" name=\"page_url\" value=\"https:\/\/www.1aruandlus.ee\/en\/wp-json\/wp\/v2\/pages\/1289\"><button type=\"submit\" name=\"wpforms[submit]\" id=\"wpforms-submit-829\" class=\"wpforms-submit contact-form-button\" data-alt-text=\"Saadetakse...\" data-submit-text=\"Saada\" aria-live=\"assertive\" value=\"wpforms-submit\">Send<\/button><\/div><input type=\"hidden\" name=\"trp-form-language\" value=\"en\"\/><\/form><\/div>  <!-- .wpforms-container -->\n\n\n\n\n<p><\/p>","protected":false},"excerpt":{"rendered":"<p>ESG on ettev\u00f5tte keskkonna-, sotsiaalsete ja juhtimisstandardite kogum, mis aitab luua pikaajalist v\u00e4\u00e4rtust. See esindab vastutust, riske ja v\u00f5imalusi, kuid mitte ainult. See on ka m\u00f5tteviis ja kasvuv\u00f5imalus. Kliendid, investorid ja riiklikud institutsioonid on t\u00e4nap\u00e4eval huvitatud enamast kui lihtsalt tavalisest finantsteabest \u2013 nad eeldavad, et ettev\u00f5tted v\u00f5tavad vastutuse ja rakendavad [&hellip;]<\/p>","protected":false},"author":1,"featured_media":0,"parent":0,"menu_order":0,"comment_status":"closed","ping_status":"closed","template":"","meta":{"_themeisle_gutenberg_block_has_review":false,"footnotes":"[]"},"class_list":["post-1289","page","type-page","status-publish","hentry"],"_links":{"self":[{"href":"https:\/\/www.1aruandlus.ee\/en\/wp-json\/wp\/v2\/pages\/1289","targetHints":{"allow":["GET"]}}],"collection":[{"href":"https:\/\/www.1aruandlus.ee\/en\/wp-json\/wp\/v2\/pages"}],"about":[{"href":"https:\/\/www.1aruandlus.ee\/en\/wp-json\/wp\/v2\/types\/page"}],"author":[{"embeddable":true,"href":"https:\/\/www.1aruandlus.ee\/en\/wp-json\/wp\/v2\/users\/1"}],"replies":[{"embeddable":true,"href":"https:\/\/www.1aruandlus.ee\/en\/wp-json\/wp\/v2\/comments?post=1289"}],"version-history":[{"count":7,"href":"https:\/\/www.1aruandlus.ee\/en\/wp-json\/wp\/v2\/pages\/1289\/revisions"}],"predecessor-version":[{"id":1319,"href":"https:\/\/www.1aruandlus.ee\/en\/wp-json\/wp\/v2\/pages\/1289\/revisions\/1319"}],"wp:attachment":[{"href":"https:\/\/www.1aruandlus.ee\/en\/wp-json\/wp\/v2\/media?parent=1289"}],"curies":[{"name":"wp","href":"https:\/\/api.w.org\/{rel}","templated":true}]}}