{"id":524,"date":"2019-09-23T18:35:27","date_gmt":"2019-09-23T18:35:27","guid":{"rendered":"https:\/\/www.1aruandlus.ee\/?page_id=524"},"modified":"2020-11-17T11:18:23","modified_gmt":"2020-11-17T09:18:23","slug":"intrastat","status":"publish","type":"page","link":"https:\/\/www.1aruandlus.ee\/en\/intrastat\/","title":{"rendered":"Intrastat"},"content":{"rendered":"<p><\/p>\n\n\n\n<p>Intrastat reporting is the responsibility of companies whose<\/p>\n\n\n\n<ul class=\"wp-block-list\"><li>sales of goods in a calendar year exceed 130,000 euros<\/li><li>the purchase of goods in a calendar year exceeds 230,000 euros <\/li><\/ul>\n\n\n\n<p>\n\nThe legal basis for data collection is the State Statistics Act. \n\n<\/p>\n\n\n\n<p><strong>We perform the following works:<\/strong><\/p>\n\n\n\n<ul class=\"wp-block-list\"><li>We prepare intrastat reports according to the data received from the invoices<\/li><li>We submit reports on the dispatch and \/ or arrival of goods to <a href=\"https:\/\/www.stat.ee\/en\">Statistics Estonia<\/a>.<\/li><\/ul>\n\n\n\n<p><strong>Related articles:<\/strong><\/p>\n\n\n\n<figure class=\"wp-block-embed-wordpress wp-block-embed is-type-wp-embed is-provider-1-aruandlus\"><div class=\"wp-block-embed__wrapper\">\n<blockquote class=\"wp-embedded-content\" data-secret=\"uaay4KnsP1\"><a href=\"https:\/\/www.1aruandlus.ee\/en\/intrastat\/mis-on-intrastat\/\">Mis on intrastat?<\/a><\/blockquote><iframe class=\"wp-embedded-content\" sandbox=\"allow-scripts\" security=\"restricted\" style=\"position: absolute; clip: rect(1px, 1px, 1px, 1px);\" title=\"&#8220;Mis on intrastat?&#8221; &#8212; 1Aruandlus\" src=\"https:\/\/www.1aruandlus.ee\/intrastat\/mis-on-intrastat\/embed\/#?secret=uaay4KnsP1\" data-secret=\"uaay4KnsP1\" width=\"600\" height=\"338\" frameborder=\"0\" marginwidth=\"0\" marginheight=\"0\" scrolling=\"no\"><\/iframe>\n<\/div><\/figure>\n\n\n\n<figure class=\"wp-block-embed-wordpress wp-block-embed is-type-wp-embed is-provider-1-aruandlus\"><div class=\"wp-block-embed__wrapper\">\n<blockquote class=\"wp-embedded-content\" data-secret=\"kVlsADnqKs\"><a href=\"https:\/\/www.1aruandlus.ee\/en\/intrastat\/statistikaameti-uleskutse-laekus-54-ettepanekut\/\">Statistikaameti \u00fcleskutse peale laekus ainult 54 ettepanekut<\/a><\/blockquote><iframe class=\"wp-embedded-content\" sandbox=\"allow-scripts\" security=\"restricted\" style=\"position: absolute; clip: rect(1px, 1px, 1px, 1px);\" title=\"&#8220;Statistikaameti \u00fcleskutse peale laekus ainult 54 ettepanekut&#8221; &#8212; 1Aruandlus\" src=\"https:\/\/www.1aruandlus.ee\/intrastat\/statistikaameti-uleskutse-laekus-54-ettepanekut\/embed\/#?secret=kVlsADnqKs\" data-secret=\"kVlsADnqKs\" width=\"600\" height=\"338\" frameborder=\"0\" marginwidth=\"0\" marginheight=\"0\" scrolling=\"no\"><\/iframe>\n<\/div><\/figure>\n\n\n\n<h3 class=\"contact-form-header\">V\u00f5tke meiega \u00fchendust!<\/h3>\n\n\n<div class=\"wpforms-container wpforms-container-full wpforms-block contact-form\" id=\"wpforms-829\"><form id=\"wpforms-form-829\" class=\"wpforms-validate wpforms-form\" data-formid=\"829\" method=\"post\" enctype=\"multipart\/form-data\" action=\"\/en\/wp-json\/wp\/v2\/pages\/524\" data-token=\"4399c5f30e0b961bbc4a91ae27dfa756\" data-token-time=\"1777203193\" data-trp-original-action=\"\/en\/wp-json\/wp\/v2\/pages\/524\"><noscript class=\"wpforms-error-noscript\">Please enable JavaScript in your browser to complete this form.<\/noscript><div class=\"wpforms-field-container\"><div id=\"wpforms-829-field_0-container\" class=\"wpforms-field wpforms-field-name wpforms-one-half wpforms-first\" data-field-id=\"0\"><label class=\"wpforms-field-label wpforms-label-hide\" for=\"wpforms-829-field_0\">Name <span class=\"wpforms-required-label\">*<\/span><\/label><input type=\"text\" id=\"wpforms-829-field_0\" class=\"wpforms-field-large wpforms-field-required\" name=\"wpforms[fields][0]\" placeholder=\"Name\" required><\/div><div id=\"wpforms-829-field_3-container\" class=\"wpforms-field wpforms-field-email wpforms-one-half\" data-field-id=\"3\"><label class=\"wpforms-field-label wpforms-label-hide\" for=\"wpforms-829-field_3\">Email <span class=\"wpforms-required-label\">*<\/span><\/label><input type=\"email\" id=\"wpforms-829-field_3\" class=\"wpforms-field-large wpforms-field-required\" name=\"wpforms[fields][3]\" placeholder=\"E-mail\" spellcheck=\"false\" required><\/div><div id=\"wpforms-829-field_2-container\" class=\"wpforms-field wpforms-field-textarea\" data-field-id=\"2\"><label class=\"wpforms-field-label wpforms-label-hide\" for=\"wpforms-829-field_2\">Message <span class=\"wpforms-required-label\">*<\/span><\/label><textarea id=\"wpforms-829-field_2\" class=\"wpforms-field-medium wpforms-field-required\" name=\"wpforms[fields][2]\" placeholder=\"Content\" required><\/textarea><\/div><\/div><!-- .wpforms-field-container --><div class=\"wpforms-submit-container\" ><input type=\"hidden\" name=\"wpforms[id]\" value=\"829\"><input type=\"hidden\" name=\"page_title\" value=\"\"><input type=\"hidden\" name=\"page_url\" value=\"https:\/\/www.1aruandlus.ee\/en\/wp-json\/wp\/v2\/pages\/524\"><button type=\"submit\" name=\"wpforms[submit]\" id=\"wpforms-submit-829\" class=\"wpforms-submit contact-form-button\" data-alt-text=\"Saadetakse...\" data-submit-text=\"Saada\" aria-live=\"assertive\" value=\"wpforms-submit\">Send<\/button><\/div><input type=\"hidden\" name=\"trp-form-language\" value=\"en\"\/><\/form><\/div>  <!-- .wpforms-container -->","protected":false},"excerpt":{"rendered":"<p>Intrastati aruannete esitamise kohustus on ettev\u00f5tetel, kelle kauba m\u00fc\u00fck kalendriaastas \u00fcletab 130 000 eurot kauba ost kalendriaastas \u00fcletab 230 000 eurot Andmete kogumise \u00f5iguslik alus on riiklik statistika seadus. Teostame j\u00e4rgnevaid t\u00f6id: Koostame intrastati aruanded vastavalt kaubaarvetelt saadud andmetele Esitame kauba l\u00e4hetamise ja\/v\u00f5i kauba saabumise aruanded Eesti Statistikaametile. Seotud artiklid:<\/p>","protected":false},"author":1,"featured_media":850,"parent":0,"menu_order":0,"comment_status":"closed","ping_status":"closed","template":"","meta":{"_themeisle_gutenberg_block_has_review":false,"footnotes":""},"class_list":["post-524","page","type-page","status-publish","has-post-thumbnail","hentry"],"_links":{"self":[{"href":"https:\/\/www.1aruandlus.ee\/en\/wp-json\/wp\/v2\/pages\/524","targetHints":{"allow":["GET"]}}],"collection":[{"href":"https:\/\/www.1aruandlus.ee\/en\/wp-json\/wp\/v2\/pages"}],"about":[{"href":"https:\/\/www.1aruandlus.ee\/en\/wp-json\/wp\/v2\/types\/page"}],"author":[{"embeddable":true,"href":"https:\/\/www.1aruandlus.ee\/en\/wp-json\/wp\/v2\/users\/1"}],"replies":[{"embeddable":true,"href":"https:\/\/www.1aruandlus.ee\/en\/wp-json\/wp\/v2\/comments?post=524"}],"version-history":[{"count":9,"href":"https:\/\/www.1aruandlus.ee\/en\/wp-json\/wp\/v2\/pages\/524\/revisions"}],"predecessor-version":[{"id":923,"href":"https:\/\/www.1aruandlus.ee\/en\/wp-json\/wp\/v2\/pages\/524\/revisions\/923"}],"wp:featuredmedia":[{"embeddable":true,"href":"https:\/\/www.1aruandlus.ee\/en\/wp-json\/wp\/v2\/media\/850"}],"wp:attachment":[{"href":"https:\/\/www.1aruandlus.ee\/en\/wp-json\/wp\/v2\/media?parent=524"}],"curies":[{"name":"wp","href":"https:\/\/api.w.org\/{rel}","templated":true}]}}