{"id":527,"date":"2019-09-23T18:43:23","date_gmt":"2019-09-23T18:43:23","guid":{"rendered":"https:\/\/www.1aruandlus.ee\/?page_id=527"},"modified":"2022-12-07T11:12:22","modified_gmt":"2022-12-07T09:12:22","slug":"pakendiaruandlus","status":"publish","type":"page","link":"https:\/\/www.1aruandlus.ee\/en\/pakendiaruandlus\/","title":{"rendered":"Packaging report"},"content":{"rendered":"<p>All Estonian companies that bring packaged goods to Estonia are required to keep consistent packaging records by type of packaging. The obligation arises from the&nbsp;<a href=\"https:\/\/www.riigiteataja.ee\/en\/eli\/ee\/Riigikogu\/act\/520032019013\/consolide\">Packaging Act<\/a>.<\/p>\n\n\n\n<p><strong>We perform the following works:<\/strong><\/p>\n\n\n\n<ul class=\"wp-block-list\">\n<li>Packaging accounting consultation<\/li>\n\n\n\n<li>Creating packaging accounting<\/li>\n\n\n\n<li>Weighing the goods according to the customer's needs<\/li>\n\n\n\n<li>Submission of packaging reports<\/li>\n<\/ul>\n\n\n\n<p><strong>Why buy a packaging reporting service?<\/strong><\/p>\n\n\n\n<ul class=\"wp-block-list\">\n<li>You save your employees valuable time<\/li>\n\n\n\n<li>We take on the cumbersome obligation from the company<\/li>\n\n\n\n<li>It is cheaper to buy a service than to do it yourself <\/li>\n\n\n\n<li>These are quite specific areas in which we have knowledge<\/li>\n<\/ul>\n\n\n\n<p> <\/p>\n\n\n\n<p><\/p>\n\n\n\n<p><strong>Articles we have written:<\/strong><\/p>\n\n\n\n<figure class=\"wp-block-embed is-type-wp-embed is-provider-1-aruandlus wp-block-embed-1-aruandlus\"><div class=\"wp-block-embed__wrapper\">\n<blockquote class=\"wp-embedded-content\" data-secret=\"G2s32DXduB\"><a href=\"https:\/\/www.1aruandlus.ee\/en\/pakendiaruanne\/pakendiarvestus-teha-ise-voi-osta-teenust-sisse\/\">Pakendiarvestus \u2013 teha ise v\u00f5i osta teenust sisse?<\/a><\/blockquote><iframe class=\"wp-embedded-content\" sandbox=\"allow-scripts\" security=\"restricted\" style=\"position: absolute; clip: rect(1px, 1px, 1px, 1px);\" title=\"&#8220;Pakendiarvestus \u2013 teha ise v\u00f5i osta teenust sisse?&#8221; &#8212; 1Aruandlus\" src=\"https:\/\/www.1aruandlus.ee\/pakendiaruanne\/pakendiarvestus-teha-ise-voi-osta-teenust-sisse\/embed\/#?secret=5f6LRYpU1Q#?secret=G2s32DXduB\" data-secret=\"G2s32DXduB\" width=\"600\" height=\"338\" frameborder=\"0\" marginwidth=\"0\" marginheight=\"0\" scrolling=\"no\"><\/iframe>\n<\/div><\/figure>\n\n\n\n<figure class=\"wp-block-embed is-type-wp-embed is-provider-1-aruandlus wp-block-embed-1-aruandlus\"><div class=\"wp-block-embed__wrapper\">\n<blockquote class=\"wp-embedded-content\" data-secret=\"fK9YDiHTxa\"><a href=\"https:\/\/www.1aruandlus.ee\/en\/pakendiaruanne\/pakendiarvestuse-loomise-pohialused\/\">Pakendiarvestuse loomise p\u00f5hialused<\/a><\/blockquote><iframe class=\"wp-embedded-content\" sandbox=\"allow-scripts\" security=\"restricted\" style=\"position: absolute; clip: rect(1px, 1px, 1px, 1px);\" title=\"&#8220;Pakendiarvestuse loomise p\u00f5hialused&#8221; &#8212; 1Aruandlus\" src=\"https:\/\/www.1aruandlus.ee\/pakendiaruanne\/pakendiarvestuse-loomise-pohialused\/embed\/#?secret=aErvAjyHI0#?secret=fK9YDiHTxa\" data-secret=\"fK9YDiHTxa\" width=\"600\" height=\"338\" frameborder=\"0\" marginwidth=\"0\" marginheight=\"0\" scrolling=\"no\"><\/iframe>\n<\/div><\/figure>\n\n\n\n<figure class=\"wp-block-embed is-type-wp-embed is-provider-1-aruandlus wp-block-embed-1-aruandlus\"><div class=\"wp-block-embed__wrapper\">\n<blockquote class=\"wp-embedded-content\" data-secret=\"7WosSweKfG\"><a href=\"https:\/\/www.1aruandlus.ee\/en\/pakendiaruanne\/pakendiaruandlus-puhendavad\/\">Pakendiaruandlus: kas eesm\u00e4rgid p\u00fchendavad abin\u00f5ud?<\/a><\/blockquote><iframe class=\"wp-embedded-content\" sandbox=\"allow-scripts\" security=\"restricted\" style=\"position: absolute; clip: rect(1px, 1px, 1px, 1px);\" title=\"&#8220;Pakendiaruandlus: kas eesm\u00e4rgid p\u00fchendavad abin\u00f5ud?&#8221; &#8212; 1Aruandlus\" src=\"https:\/\/www.1aruandlus.ee\/pakendiaruanne\/pakendiaruandlus-puhendavad\/embed\/#?secret=cIHwqjboG3#?secret=7WosSweKfG\" data-secret=\"7WosSweKfG\" width=\"600\" height=\"338\" frameborder=\"0\" marginwidth=\"0\" marginheight=\"0\" scrolling=\"no\"><\/iframe>\n<\/div><\/figure>\n\n\n\n<h3 class=\"contact-form-header\">V\u00f5tke meiega \u00fchendust!<\/h3>\n\n\n<div class=\"wpforms-container wpforms-container-full wpforms-block contact-form\" id=\"wpforms-829\"><form id=\"wpforms-form-829\" class=\"wpforms-validate wpforms-form\" data-formid=\"829\" method=\"post\" enctype=\"multipart\/form-data\" action=\"\/en\/wp-json\/wp\/v2\/pages\/527\" data-token=\"4399c5f30e0b961bbc4a91ae27dfa756\" data-token-time=\"1777203210\" data-trp-original-action=\"\/en\/wp-json\/wp\/v2\/pages\/527\"><noscript class=\"wpforms-error-noscript\">Please enable JavaScript in your browser to complete this form.<\/noscript><div class=\"wpforms-field-container\"><div id=\"wpforms-829-field_0-container\" class=\"wpforms-field wpforms-field-name wpforms-one-half wpforms-first\" data-field-id=\"0\"><label class=\"wpforms-field-label wpforms-label-hide\" for=\"wpforms-829-field_0\">Name <span class=\"wpforms-required-label\">*<\/span><\/label><input type=\"text\" id=\"wpforms-829-field_0\" class=\"wpforms-field-large wpforms-field-required\" name=\"wpforms[fields][0]\" placeholder=\"Name\" required><\/div><div id=\"wpforms-829-field_3-container\" class=\"wpforms-field wpforms-field-email wpforms-one-half\" data-field-id=\"3\"><label class=\"wpforms-field-label wpforms-label-hide\" for=\"wpforms-829-field_3\">Email <span class=\"wpforms-required-label\">*<\/span><\/label><input type=\"email\" id=\"wpforms-829-field_3\" class=\"wpforms-field-large wpforms-field-required\" name=\"wpforms[fields][3]\" placeholder=\"E-mail\" spellcheck=\"false\" required><\/div><div id=\"wpforms-829-field_2-container\" class=\"wpforms-field wpforms-field-textarea\" data-field-id=\"2\"><label class=\"wpforms-field-label wpforms-label-hide\" for=\"wpforms-829-field_2\">Message <span class=\"wpforms-required-label\">*<\/span><\/label><textarea id=\"wpforms-829-field_2\" class=\"wpforms-field-medium wpforms-field-required\" name=\"wpforms[fields][2]\" placeholder=\"Content\" required><\/textarea><\/div><\/div><!-- .wpforms-field-container --><div class=\"wpforms-submit-container\" ><input type=\"hidden\" name=\"wpforms[id]\" value=\"829\"><input type=\"hidden\" name=\"page_title\" value=\"\"><input type=\"hidden\" name=\"page_url\" value=\"https:\/\/www.1aruandlus.ee\/en\/wp-json\/wp\/v2\/pages\/527\"><button type=\"submit\" name=\"wpforms[submit]\" id=\"wpforms-submit-829\" class=\"wpforms-submit contact-form-button\" data-alt-text=\"Saadetakse...\" data-submit-text=\"Saada\" aria-live=\"assertive\" value=\"wpforms-submit\">Send<\/button><\/div><input type=\"hidden\" name=\"trp-form-language\" value=\"en\"\/><\/form><\/div>  <!-- .wpforms-container -->","protected":false},"excerpt":{"rendered":"<p>K\u00f5ik Eesti ettev\u00f5tted, kes toovad Eestisse pakendatud kaupa on kohustatud pidama j\u00e4rjepidevat pakendiarvestust pakendiliikide l\u00f5ikes. Kohustus tuleneb&nbsp;Pakendiseadusest. Teostame j\u00e4rgnevaid t\u00f6id: Miks osta pakendiaruandluse teenust sisse? Meie kirjutatud artiklid:<\/p>","protected":false},"author":1,"featured_media":852,"parent":0,"menu_order":0,"comment_status":"closed","ping_status":"closed","template":"","meta":{"_themeisle_gutenberg_block_has_review":false,"footnotes":""},"class_list":["post-527","page","type-page","status-publish","has-post-thumbnail","hentry"],"_links":{"self":[{"href":"https:\/\/www.1aruandlus.ee\/en\/wp-json\/wp\/v2\/pages\/527","targetHints":{"allow":["GET"]}}],"collection":[{"href":"https:\/\/www.1aruandlus.ee\/en\/wp-json\/wp\/v2\/pages"}],"about":[{"href":"https:\/\/www.1aruandlus.ee\/en\/wp-json\/wp\/v2\/types\/page"}],"author":[{"embeddable":true,"href":"https:\/\/www.1aruandlus.ee\/en\/wp-json\/wp\/v2\/users\/1"}],"replies":[{"embeddable":true,"href":"https:\/\/www.1aruandlus.ee\/en\/wp-json\/wp\/v2\/comments?post=527"}],"version-history":[{"count":19,"href":"https:\/\/www.1aruandlus.ee\/en\/wp-json\/wp\/v2\/pages\/527\/revisions"}],"predecessor-version":[{"id":1048,"href":"https:\/\/www.1aruandlus.ee\/en\/wp-json\/wp\/v2\/pages\/527\/revisions\/1048"}],"wp:featuredmedia":[{"embeddable":true,"href":"https:\/\/www.1aruandlus.ee\/en\/wp-json\/wp\/v2\/media\/852"}],"wp:attachment":[{"href":"https:\/\/www.1aruandlus.ee\/en\/wp-json\/wp\/v2\/media?parent=527"}],"curies":[{"name":"wp","href":"https:\/\/api.w.org\/{rel}","templated":true}]}}