{"id":532,"date":"2019-09-23T18:44:07","date_gmt":"2019-09-23T18:44:07","guid":{"rendered":"https:\/\/www.1aruandlus.ee\/?page_id=532"},"modified":"2023-01-12T16:54:33","modified_gmt":"2023-01-12T14:54:33","slug":"tolliteenused","status":"publish","type":"page","link":"https:\/\/www.1aruandlus.ee\/en\/tolliteenused\/","title":{"rendered":"Customs procedures"},"content":{"rendered":"<p>A customs declaration is required for the import or export of goods outside the European Union.<br>1Aruandlus provides customs services for declaring export-import-transit goods.<\/p>\n\n\n\n<p>Pakume oma klientidele j\u00e4rgmiste dokumentide t\u00e4itmise teenust:<\/p>\n\n\n\n<ol class=\"wp-block-list\">\n<li>Tollideklaratsioon (import\/eksport)<\/li>\n\n\n\n<li>P\u00e4riolusertifikaat (EUR1, vorm A)<\/li>\n<\/ol>\n\n\n\n<p>Vormistamine toimub elektroonselt ning deklaratsiooni saadab meie tollideklarant Sulle e-mailile.<br>Suhtlemise Eesti Maksu- ja Tolliametiga saad meie deklarandi \u00fclesandeks j\u00e4tta!<\/p>\n\n\n\n<p>For further information, contact us&nbsp;<a href=\"https:\/\/www.1aruandlus.ee\/en\/kontakt\/\">here<\/a>&nbsp;or by e-mail <a href=\"mailto:info@1aruandlus.ee\">info@1aruandlus.ee<\/a><\/p>\n\n\n\n<p><a href=\"https:\/\/www.1aruandlus.ee\/en\/tolliteenused\/kauba-paritolu-toendamine\/\">Related articles:<\/a><\/p>\n\n\n\n<figure class=\"wp-block-embed is-type-wp-embed is-provider-1-aruandlus wp-block-embed-1-aruandlus\"><div class=\"wp-block-embed__wrapper\">\n<blockquote class=\"wp-embedded-content\" data-secret=\"ucJkyMSG0u\"><a href=\"https:\/\/www.1aruandlus.ee\/en\/tolliteenused\/kuidas-maarata-kaubakoodi-tolliteenus\/\">Kuidas m\u00e4\u00e4rata kaubakoodi?<\/a><\/blockquote><iframe class=\"wp-embedded-content\" sandbox=\"allow-scripts\" security=\"restricted\" style=\"position: absolute; clip: rect(1px, 1px, 1px, 1px);\" title=\"&#8220;Kuidas m\u00e4\u00e4rata kaubakoodi?&#8221; &#8212; 1Aruandlus\" src=\"https:\/\/www.1aruandlus.ee\/tolliteenused\/kuidas-maarata-kaubakoodi-tolliteenus\/embed\/#?secret=ucJkyMSG0u\" data-secret=\"ucJkyMSG0u\" width=\"600\" height=\"338\" frameborder=\"0\" marginwidth=\"0\" marginheight=\"0\" scrolling=\"no\"><\/iframe>\n<\/div><\/figure>\n\n\n\n<figure class=\"wp-block-embed is-type-wp-embed is-provider-1-aruandlus wp-block-embed-1-aruandlus\"><div class=\"wp-block-embed__wrapper\">\n<blockquote class=\"wp-embedded-content\" data-secret=\"5w1J5z84Gu\"><a href=\"https:\/\/www.1aruandlus.ee\/en\/tolliteenused\/kauba-paritolu-toendamine\/\">Kauba p\u00e4ritolu t\u00f5endamine<\/a><\/blockquote><iframe class=\"wp-embedded-content\" sandbox=\"allow-scripts\" security=\"restricted\" style=\"position: absolute; clip: rect(1px, 1px, 1px, 1px);\" title=\"&#8220;Kauba p\u00e4ritolu t\u00f5endamine&#8221; &#8212; 1Aruandlus\" src=\"https:\/\/www.1aruandlus.ee\/tolliteenused\/kauba-paritolu-toendamine\/embed\/#?secret=5w1J5z84Gu\" data-secret=\"5w1J5z84Gu\" width=\"600\" height=\"338\" frameborder=\"0\" marginwidth=\"0\" marginheight=\"0\" scrolling=\"no\"><\/iframe>\n<\/div><\/figure>\n\n\n\n<h3 class=\"contact-form-header\">V\u00f5tke meiega \u00fchendust!<\/h3>\n\n\n<div class=\"wpforms-container wpforms-container-full wpforms-block contact-form\" id=\"wpforms-829\"><form id=\"wpforms-form-829\" class=\"wpforms-validate wpforms-form\" data-formid=\"829\" method=\"post\" enctype=\"multipart\/form-data\" action=\"\/en\/wp-json\/wp\/v2\/pages\/532\" data-token=\"f57efc9f9bc2eae0e1d0e84b467e8d03\" data-token-time=\"1777285873\" data-trp-original-action=\"\/en\/wp-json\/wp\/v2\/pages\/532\"><noscript class=\"wpforms-error-noscript\">Please enable JavaScript in your browser to complete this form.<\/noscript><div class=\"wpforms-field-container\"><div id=\"wpforms-829-field_0-container\" class=\"wpforms-field wpforms-field-name wpforms-one-half wpforms-first\" data-field-id=\"0\"><label class=\"wpforms-field-label wpforms-label-hide\" for=\"wpforms-829-field_0\">Name <span class=\"wpforms-required-label\">*<\/span><\/label><input type=\"text\" id=\"wpforms-829-field_0\" class=\"wpforms-field-large wpforms-field-required\" name=\"wpforms[fields][0]\" placeholder=\"Name\" required><\/div><div id=\"wpforms-829-field_3-container\" class=\"wpforms-field wpforms-field-email wpforms-one-half\" data-field-id=\"3\"><label class=\"wpforms-field-label wpforms-label-hide\" for=\"wpforms-829-field_3\">Email <span class=\"wpforms-required-label\">*<\/span><\/label><input type=\"email\" id=\"wpforms-829-field_3\" class=\"wpforms-field-large wpforms-field-required\" name=\"wpforms[fields][3]\" placeholder=\"E-mail\" spellcheck=\"false\" required><\/div><div id=\"wpforms-829-field_2-container\" class=\"wpforms-field wpforms-field-textarea\" data-field-id=\"2\"><label class=\"wpforms-field-label wpforms-label-hide\" for=\"wpforms-829-field_2\">Message <span class=\"wpforms-required-label\">*<\/span><\/label><textarea id=\"wpforms-829-field_2\" class=\"wpforms-field-medium wpforms-field-required\" name=\"wpforms[fields][2]\" placeholder=\"Content\" required><\/textarea><\/div><\/div><!-- .wpforms-field-container --><div class=\"wpforms-submit-container\" ><input type=\"hidden\" name=\"wpforms[id]\" value=\"829\"><input type=\"hidden\" name=\"page_title\" value=\"\"><input type=\"hidden\" name=\"page_url\" value=\"https:\/\/www.1aruandlus.ee\/en\/wp-json\/wp\/v2\/pages\/532\"><button type=\"submit\" name=\"wpforms[submit]\" id=\"wpforms-submit-829\" class=\"wpforms-submit contact-form-button\" data-alt-text=\"Saadetakse...\" data-submit-text=\"Saada\" aria-live=\"assertive\" value=\"wpforms-submit\">Send<\/button><\/div><input type=\"hidden\" name=\"trp-form-language\" value=\"en\"\/><\/form><\/div>  <!-- .wpforms-container -->","protected":false},"excerpt":{"rendered":"<p>Tollideklaratsioon on vajalik kaupade importimisel v\u00f5i eksportimisel v\u00e4ljaspool Euroopa Liitu.1Aruandlus pakub tolliteenuseid eksport- import- transiitkaupade deklareerimisel. Pakume oma klientidele j\u00e4rgmiste dokumentide t\u00e4itmise teenust: Vormistamine toimub elektroonselt ning deklaratsiooni saadab meie tollideklarant Sulle e-mailile.Suhtlemise Eesti Maksu- ja Tolliametiga saad meie deklarandi \u00fclesandeks j\u00e4tta! Edasise informatsiooni saamiseks v\u00f5tke meiega \u00fchendust&nbsp;siit&nbsp;v\u00f5i e-posti teel [&hellip;]<\/p>","protected":false},"author":1,"featured_media":851,"parent":0,"menu_order":0,"comment_status":"closed","ping_status":"closed","template":"","meta":{"_themeisle_gutenberg_block_has_review":false,"footnotes":""},"class_list":["post-532","page","type-page","status-publish","has-post-thumbnail","hentry"],"_links":{"self":[{"href":"https:\/\/www.1aruandlus.ee\/en\/wp-json\/wp\/v2\/pages\/532","targetHints":{"allow":["GET"]}}],"collection":[{"href":"https:\/\/www.1aruandlus.ee\/en\/wp-json\/wp\/v2\/pages"}],"about":[{"href":"https:\/\/www.1aruandlus.ee\/en\/wp-json\/wp\/v2\/types\/page"}],"author":[{"embeddable":true,"href":"https:\/\/www.1aruandlus.ee\/en\/wp-json\/wp\/v2\/users\/1"}],"replies":[{"embeddable":true,"href":"https:\/\/www.1aruandlus.ee\/en\/wp-json\/wp\/v2\/comments?post=532"}],"version-history":[{"count":10,"href":"https:\/\/www.1aruandlus.ee\/en\/wp-json\/wp\/v2\/pages\/532\/revisions"}],"predecessor-version":[{"id":1118,"href":"https:\/\/www.1aruandlus.ee\/en\/wp-json\/wp\/v2\/pages\/532\/revisions\/1118"}],"wp:featuredmedia":[{"embeddable":true,"href":"https:\/\/www.1aruandlus.ee\/en\/wp-json\/wp\/v2\/media\/851"}],"wp:attachment":[{"href":"https:\/\/www.1aruandlus.ee\/en\/wp-json\/wp\/v2\/media?parent=532"}],"curies":[{"name":"wp","href":"https:\/\/api.w.org\/{rel}","templated":true}]}}